{"id":47,"date":"2014-10-03T10:10:50","date_gmt":"2014-10-03T10:10:50","guid":{"rendered":"http:\/\/slektsgransker.no\/wp\/?page_id=47"},"modified":"2016-03-19T07:43:38","modified_gmt":"2016-03-19T07:43:38","slug":"lenkesamling","status":"publish","type":"page","link":"https:\/\/slektsgransker.no\/?page_id=47","title":{"rendered":"Lenkesamling"},"content":{"rendered":"<p><a href=\"http:\/\/www.arkivverket.no\/arkivverket\/Digitalarkivet\" target=\"_blank\">Digitalarkivet<br \/>\n<\/a><a href=\"http:\/\/blogg.digitalarkivet.no\/\">Digitalarkivets blogg<\/a><br \/>\n<a href=\"http:\/\/www.digitaltmuseum.no\/\" target=\"_blank\">Digitalt Museum<\/a><br \/>\n<a href=\"http:\/\/www.nb.no\/nbsok\/search?mediatype=b%C3%B8ker\" target=\"_blank\">Bokhylla p\u00e5 nb.no<\/a><br \/>\n<a href=\"http:\/\/www.aftenposten.no\/sok\/\" target=\"_blank\">Aftenpostens arkiv<\/a><br \/>\n<a href=\"http:\/\/www.disnorge.no\/cms\/\" target=\"_blank\">DISNorge<\/a><br \/>\n<a href=\"http:\/\/www.dokpro.uio.no\/tingbok\/tingbok_ramme.html\" target=\"_blank\">Tingbokprosjektet<\/a><br \/>\n<a href=\"http:\/\/www.lokalhistorie.no\/\" target=\"_blank\">Norsk lokalhistorisk institutt<\/a><br \/>\n<a href=\"https:\/\/familysearch.org\/search\/collection\/1529106\" target=\"_blank\">1875-tellingen hos Family Search<\/a><br \/>\n<a href=\"http:\/\/kart.statkart.no\/adaptive2\/default.aspx?gui=1&amp;lang=2\" target=\"_blank\">Norgeskart<\/a><br \/>\n<a href=\"http:\/\/trinitatis.no\/\" target=\"_blank\">Trinitatis.no<\/a><br \/>\n<a href=\"http:\/\/slektskilder.blogspot.no\/\" target=\"_blank\">Avfotograferte slektshistoriske kilder<\/a><br \/>\n<a href=\"http:\/\/ordnet.dk\/ods\" target=\"_blank\">Dansk ordbok<br \/>\n<\/a><a href=\"https:\/\/www.familytreedna.com\/\" target=\"_blank\">Family Tree DNA<\/a><br \/>\n<a href=\"http:\/\/www.hivolda.no\/hivolda\/om-hogskulen\/avdelingar\/samfunnsfag-og-historie\/historie\/slektsgransking?lang=nyn\" target=\"_blank\">Slektsgranskingsstudiet ved HiVolda<\/a><br \/>\n<a href=\"http:\/\/www.legacyfamilytree.com\/\" target=\"_blank\">Legacy Family Tree<br \/>\n<\/a><a href=\"http:\/\/slekt1.com\/\">Slekt1.com<br \/>\n<\/a><a href=\"http:\/\/www.genealogi.no\/\">Norsk Slektshistorisk Forening<br \/>\n<\/a><a href=\"http:\/\/norwayparishes.com\/\">Norway&#8217;s Parishes<br \/>\n<\/a><a href=\"http:\/\/knreise.no\/demonstratorer\/\">Kultur- og naturreise<\/a><\/p>\n<p><a href=\"http:\/\/www.sor-osterdalslekt.no\/\">S\u00f8r-\u00d8sterdal Slektshistorielag<br \/>\n<\/a><a href=\"http:\/\/www.hedmarkslekt.no\/index.htm\">Hedmark Slektshistorielag<br \/>\n<\/a><a href=\"http:\/\/www.elverumhistorielag.no\/\">Elverum Historielag<br \/>\n<\/a><a href=\"http:\/\/vang-historielag.no\/\">Vang Historielag<br \/>\n<\/a><a href=\"http:\/\/www.loten-historielag.org\/\">L\u00f8ten Historielag<br \/>\n<\/a><a href=\"http:\/\/stange-historielag.no\/\">Stange Historielag<\/a><\/p>\n<p>&nbsp;<\/p>\n","protected":false},"excerpt":{"rendered":"<p>Digitalarkivet Digitalarkivets blogg Digitalt Museum Bokhylla p\u00e5 nb.no Aftenpostens arkiv DISNorge Tingbokprosjektet Norsk lokalhistorisk institutt 1875-tellingen hos Family Search Norgeskart Trinitatis.no Avfotograferte slektshistoriske kilder Dansk ordbok Family Tree DNA Slektsgranskingsstudiet ved HiVolda Legacy Family Tree Slekt1.com Norsk Slektshistorisk Forening Norway&#8217;s Parishes Kultur- og naturreise S\u00f8r-\u00d8sterdal Slektshistorielag Hedmark Slektshistorielag Elverum Historielag Vang Historielag L\u00f8ten Historielag Stange [&hellip;]<\/p>\n","protected":false},"author":1,"featured_media":0,"parent":0,"menu_order":0,"comment_status":"closed","ping_status":"open","template":"","meta":{"footnotes":""},"class_list":["post-47","page","type-page","status-publish","hentry"],"yoast_head":"<!-- This site is optimized with the Yoast SEO plugin v25.6 - https:\/\/yoast.com\/wordpress\/plugins\/seo\/ -->\n<title>Lenkesamling - Slektshistorisk s\u00f8kelys<\/title>\n<meta name=\"description\" content=\"Lenker som kan v\u00e6re nyttige for slektsgranskere\" \/>\n<meta name=\"robots\" content=\"index, follow, max-snippet:-1, max-image-preview:large, max-video-preview:-1\" \/>\n<link rel=\"canonical\" href=\"https:\/\/slektsgransker.no\/?page_id=47\" \/>\n<meta property=\"og:locale\" content=\"nb_NO\" \/>\n<meta property=\"og:type\" content=\"article\" \/>\n<meta property=\"og:title\" content=\"Lenkesamling - Slektshistorisk s\u00f8kelys\" \/>\n<meta property=\"og:description\" content=\"Lenker som kan v\u00e6re nyttige for slektsgranskere\" \/>\n<meta property=\"og:url\" content=\"https:\/\/slektsgransker.no\/?page_id=47\" \/>\n<meta property=\"og:site_name\" content=\"Slektshistorisk s\u00f8kelys\" \/>\n<meta property=\"article:modified_time\" content=\"2016-03-19T07:43:38+00:00\" \/>\n<meta name=\"twitter:card\" content=\"summary_large_image\" \/>\n<script type=\"application\/ld+json\" class=\"yoast-schema-graph\">{\"@context\":\"https:\/\/schema.org\",\"@graph\":[{\"@type\":\"WebPage\",\"@id\":\"https:\/\/slektsgransker.no\/?page_id=47\",\"url\":\"https:\/\/slektsgransker.no\/?page_id=47\",\"name\":\"Lenkesamling - Slektshistorisk s\u00f8kelys\",\"isPartOf\":{\"@id\":\"http:\/\/slektsgransker.no\/#website\"},\"datePublished\":\"2014-10-03T10:10:50+00:00\",\"dateModified\":\"2016-03-19T07:43:38+00:00\",\"description\":\"Lenker som kan v\u00e6re nyttige for slektsgranskere\",\"breadcrumb\":{\"@id\":\"https:\/\/slektsgransker.no\/?page_id=47#breadcrumb\"},\"inLanguage\":\"nb-NO\",\"potentialAction\":[{\"@type\":\"ReadAction\",\"target\":[\"https:\/\/slektsgransker.no\/?page_id=47\"]}]},{\"@type\":\"BreadcrumbList\",\"@id\":\"https:\/\/slektsgransker.no\/?page_id=47#breadcrumb\",\"itemListElement\":[{\"@type\":\"ListItem\",\"position\":1,\"name\":\"Hjem\",\"item\":\"http:\/\/slektsgransker.no\/\"},{\"@type\":\"ListItem\",\"position\":2,\"name\":\"Lenkesamling\"}]},{\"@type\":\"WebSite\",\"@id\":\"http:\/\/slektsgransker.no\/#website\",\"url\":\"http:\/\/slektsgransker.no\/\",\"name\":\"Slektshistorisk s\u00f8kelys\",\"description\":\"genealogiske glimt fra nett og arkiv\",\"potentialAction\":[{\"@type\":\"SearchAction\",\"target\":{\"@type\":\"EntryPoint\",\"urlTemplate\":\"http:\/\/slektsgransker.no\/?s={search_term_string}\"},\"query-input\":{\"@type\":\"PropertyValueSpecification\",\"valueRequired\":true,\"valueName\":\"search_term_string\"}}],\"inLanguage\":\"nb-NO\"}]}<\/script>\n<!-- \/ Yoast SEO plugin. -->","yoast_head_json":{"title":"Lenkesamling - Slektshistorisk s\u00f8kelys","description":"Lenker som kan v\u00e6re nyttige for slektsgranskere","robots":{"index":"index","follow":"follow","max-snippet":"max-snippet:-1","max-image-preview":"max-image-preview:large","max-video-preview":"max-video-preview:-1"},"canonical":"https:\/\/slektsgransker.no\/?page_id=47","og_locale":"nb_NO","og_type":"article","og_title":"Lenkesamling - Slektshistorisk s\u00f8kelys","og_description":"Lenker som kan v\u00e6re nyttige for slektsgranskere","og_url":"https:\/\/slektsgransker.no\/?page_id=47","og_site_name":"Slektshistorisk s\u00f8kelys","article_modified_time":"2016-03-19T07:43:38+00:00","twitter_card":"summary_large_image","schema":{"@context":"https:\/\/schema.org","@graph":[{"@type":"WebPage","@id":"https:\/\/slektsgransker.no\/?page_id=47","url":"https:\/\/slektsgransker.no\/?page_id=47","name":"Lenkesamling - Slektshistorisk s\u00f8kelys","isPartOf":{"@id":"http:\/\/slektsgransker.no\/#website"},"datePublished":"2014-10-03T10:10:50+00:00","dateModified":"2016-03-19T07:43:38+00:00","description":"Lenker som kan v\u00e6re nyttige for slektsgranskere","breadcrumb":{"@id":"https:\/\/slektsgransker.no\/?page_id=47#breadcrumb"},"inLanguage":"nb-NO","potentialAction":[{"@type":"ReadAction","target":["https:\/\/slektsgransker.no\/?page_id=47"]}]},{"@type":"BreadcrumbList","@id":"https:\/\/slektsgransker.no\/?page_id=47#breadcrumb","itemListElement":[{"@type":"ListItem","position":1,"name":"Hjem","item":"http:\/\/slektsgransker.no\/"},{"@type":"ListItem","position":2,"name":"Lenkesamling"}]},{"@type":"WebSite","@id":"http:\/\/slektsgransker.no\/#website","url":"http:\/\/slektsgransker.no\/","name":"Slektshistorisk s\u00f8kelys","description":"genealogiske glimt fra nett og arkiv","potentialAction":[{"@type":"SearchAction","target":{"@type":"EntryPoint","urlTemplate":"http:\/\/slektsgransker.no\/?s={search_term_string}"},"query-input":{"@type":"PropertyValueSpecification","valueRequired":true,"valueName":"search_term_string"}}],"inLanguage":"nb-NO"}]}},"_links":{"self":[{"href":"https:\/\/slektsgransker.no\/index.php?rest_route=\/wp\/v2\/pages\/47","targetHints":{"allow":["GET"]}}],"collection":[{"href":"https:\/\/slektsgransker.no\/index.php?rest_route=\/wp\/v2\/pages"}],"about":[{"href":"https:\/\/slektsgransker.no\/index.php?rest_route=\/wp\/v2\/types\/page"}],"author":[{"embeddable":true,"href":"https:\/\/slektsgransker.no\/index.php?rest_route=\/wp\/v2\/users\/1"}],"replies":[{"embeddable":true,"href":"https:\/\/slektsgransker.no\/index.php?rest_route=%2Fwp%2Fv2%2Fcomments&post=47"}],"version-history":[{"count":4,"href":"https:\/\/slektsgransker.no\/index.php?rest_route=\/wp\/v2\/pages\/47\/revisions"}],"predecessor-version":[{"id":878,"href":"https:\/\/slektsgransker.no\/index.php?rest_route=\/wp\/v2\/pages\/47\/revisions\/878"}],"wp:attachment":[{"href":"https:\/\/slektsgransker.no\/index.php?rest_route=%2Fwp%2Fv2%2Fmedia&parent=47"}],"curies":[{"name":"wp","href":"https:\/\/api.w.org\/{rel}","templated":true}]}}